{"id":217,"date":"2020-05-12T03:43:03","date_gmt":"2020-05-12T03:43:03","guid":{"rendered":"https:\/\/esemsos.com\/?page_id=217"},"modified":"2023-07-12T19:23:15","modified_gmt":"2023-07-12T19:23:15","slug":"home","status":"publish","type":"page","link":"https:\/\/esemsos.com\/","title":{"rendered":"Home"},"content":{"rendered":"\n<div class=\"wp-block-uagb-container uagb-block-e607ca1b alignfull uagb-is-root-container\"><div class=\"uagb-container-inner-blocks-wrap\">\n<div class=\"wp-block-uagb-info-box uagb-block-c4a0e1a9 uagb-infobox__content-wrap  uagb-infobox-icon-above-title uagb-infobox-image-valign-top\"><div class=\"uagb-ifb-content\"><div class=\"uagb-ifb-title-wrap\"><h1 class=\"uagb-ifb-title\">productividad, competitividad y sostenibilidad en la gesti\u00f3n empresarial<\/h1><\/div><\/div><\/div>\n\n\n\n<div class=\"wp-block-uagb-buttons uagb-buttons__outer-wrap uagb-btn__default-btn uagb-btn-tablet__default-btn uagb-btn-mobile__default-btn uagb-block-c98b52c1\"><div class=\"uagb-buttons__wrap uagb-buttons-layout-wrap\">\n<div class=\"wp-block-uagb-buttons-child uagb-buttons__outer-wrap uagb-block-3824575f wp-block-button\"><div class=\"uagb-button__wrapper\"><a class=\"uagb-buttons-repeater wp-block-button__link\" href=\"#\" onclick=\"return false;\" rel=\"follow noopener\" target=\"_self\"><div class=\"uagb-button__link\">Servicios<\/div><\/a><\/div><\/div>\n\n\n\n<div class=\"wp-block-uagb-buttons-child uagb-buttons__outer-wrap uagb-block-76c5b1d3 wp-block-button\"><div class=\"uagb-button__wrapper\"><a class=\"uagb-buttons-repeater wp-block-button__link\" href=\"https:\/\/esemsos.com\/?page_id=218\" onclick=\"return true;\" rel=\"follow noopener\" target=\"_self\"><div class=\"uagb-button__link\">Nosotros<\/div><\/a><\/div><\/div>\n<\/div><\/div>\n<\/div><\/div>\n\n\n\n<div class=\"wp-block-uagb-container uagb-block-10a35f66 alignfull uagb-is-root-container\"><div class=\"uagb-container-inner-blocks-wrap\">\n<div class=\"wp-block-uagb-advanced-heading uagb-block-9d6f320f\"><h2 class=\"uagb-heading-text\"><strong>\u00c1reas de Trabajo<\/strong><\/h2><\/div>\n\n\n\n<div class=\"wp-block-uagb-container uagb-block-d69ff755\">\n<div class=\"wp-block-uagb-advanced-heading uagb-block-1e88a694\"><h2 class=\"uagb-heading-text\">Divulgaci\u00f3n<\/h2><\/div>\n<\/div>\n\n\n\n<div class=\"wp-block-uagb-container uagb-block-b35e36d6\">\n<div class=\"wp-block-uagb-advanced-heading uagb-block-d769253a\"><h2 class=\"uagb-heading-text\">Capacitaci\u00f3n<\/h2><\/div>\n<\/div>\n\n\n\n<div class=\"wp-block-uagb-container uagb-block-6604d870\">\n<div class=\"wp-block-uagb-advanced-heading uagb-block-cd02bd3e\"><h2 class=\"uagb-heading-text\">Asesor\u00eda<\/h2><\/div>\n<\/div>\n<\/div><\/div>\n\n\n\n<div class=\"wp-block-uagb-container uagb-block-ef14f502 alignfull uagb-is-root-container\"><div class=\"uagb-container-inner-blocks-wrap\">\n<div class=\"wp-block-uagb-advanced-heading uagb-block-822ac015\"><h2 class=\"uagb-heading-text\"><strong>\u00daltimas entradas<\/strong><\/h2><\/div>\n\n\n\n\t\t\t<div class=\"wp-block-uagb-post-carousel uagb-post-grid  uagb-post__image-position-top uagb-post__image-enabled uagb-block-6b4d9fef     uagb-post__arrow-outside uagb-slick-carousel uagb-post__items uagb-post__columns-3 is-carousel uagb-post__columns-tablet-2 uagb-post__columns-mobile-1\" data-total=\"2\" style=\"\">\n\n\t\t\t\t\t\t\t\t\t\t\t\t<article class=\"uagb-post__inner-wrap\">\t\t\t\t\t\t\t\t<div class='uagb-post__image'>\n\t\t\t\t\t\t\t\t\t<a href=\"https:\/\/esemsos.com\/?p=982\" target=\"_self\" rel=\"bookmark noopener noreferrer\"><img loading=\"lazy\" decoding=\"async\" width=\"1280\" height=\"853\" src=\"https:\/\/esemsos.com\/wp-content\/uploads\/2025\/01\/abstract-3795223_1280.jpg\" class=\"attachment-full size-full\" alt=\"\" srcset=\"https:\/\/esemsos.com\/wp-content\/uploads\/2025\/01\/abstract-3795223_1280.jpg 1280w, https:\/\/esemsos.com\/wp-content\/uploads\/2025\/01\/abstract-3795223_1280-300x200.jpg 300w, https:\/\/esemsos.com\/wp-content\/uploads\/2025\/01\/abstract-3795223_1280-1024x682.jpg 1024w, https:\/\/esemsos.com\/wp-content\/uploads\/2025\/01\/abstract-3795223_1280-768x512.jpg 768w\" sizes=\"auto, (max-width: 1280px) 100vw, 1280px\" \/>\t\t\t\t\t<\/a>\n\t\t\t\t\t\t\t\t\t<\/div>\n\t\t\t\t\t\t<h4 class=\"uagb-post__title uagb-post__text\">\n\t\t\t\t<a href=\"https:\/\/esemsos.com\/?p=982\" target=\"_self\" rel=\"bookmark noopener noreferrer\">Econom\u00eda circular en empresas: factores de \u00e9xito<\/a>\n\t\t\t<\/h4>\n\t\t\t\t\t\t<div class='uagb-post__text uagb-post-grid-byline'>\n\t\t\t\t\t\t\t\t<time datetime=\"2025-01-06T23:38:20+00:00\" class=\"uagb-post__date\">\n\t\t\t\t<span class=\"dashicons-calendar dashicons\"><\/span>\t\t\t\t\tenero 6, 2025\t\t\t\t<\/time>\n\t\t\t\t\t\t<\/div>\n\t\t\t\t\t\t\t<div class='uagb-post__text uagb-post__excerpt'>\n\t\t\t\t\t<p>La econom\u00eda circular en empresas est\u00e1 transformando la forma en que los negocios abordan la sostenibilidad, la competitividad y su responsabilidad&#8230;\t\t\t\t<\/div>\n\t\t\t\t\t\t<div class=\"uagb-post__text uagb-post__cta wp-block-button\">\n\t\t\t\t<a class=\"wp-block-button__link uagb-text-link\" style=\"\" href=\"https:\/\/esemsos.com\/?p=982\" target=\"_self\" rel=\"bookmark noopener noreferrer\">Leer m\u00e1s<\/a>\n\t\t\t<\/div>\n\t\t\t\n\t\t\t\t\t\t\t\t\t<\/article>\n\t\t\t\t\t\t\t\t\t\t\t\t\t\t\t\t<article class=\"uagb-post__inner-wrap\">\t\t\t\t\t\t\t\t<div class='uagb-post__image'>\n\t\t\t\t\t\t\t\t\t<a href=\"https:\/\/esemsos.com\/?p=978\" target=\"_self\" rel=\"bookmark noopener noreferrer\"><img loading=\"lazy\" decoding=\"async\" width=\"1280\" height=\"655\" src=\"https:\/\/esemsos.com\/wp-content\/uploads\/2024\/12\/business-5475660_1280.jpg\" class=\"attachment-full size-full\" alt=\"\" srcset=\"https:\/\/esemsos.com\/wp-content\/uploads\/2024\/12\/business-5475660_1280.jpg 1280w, https:\/\/esemsos.com\/wp-content\/uploads\/2024\/12\/business-5475660_1280-300x154.jpg 300w, https:\/\/esemsos.com\/wp-content\/uploads\/2024\/12\/business-5475660_1280-1024x524.jpg 1024w, https:\/\/esemsos.com\/wp-content\/uploads\/2024\/12\/business-5475660_1280-768x393.jpg 768w\" sizes=\"auto, (max-width: 1280px) 100vw, 1280px\" \/>\t\t\t\t\t<\/a>\n\t\t\t\t\t\t\t\t\t<\/div>\n\t\t\t\t\t\t<h4 class=\"uagb-post__title uagb-post__text\">\n\t\t\t\t<a href=\"https:\/\/esemsos.com\/?p=978\" target=\"_self\" rel=\"bookmark noopener noreferrer\">La sostenibilidad y la visi\u00f3n empresarial<\/a>\n\t\t\t<\/h4>\n\t\t\t\t\t\t<div class='uagb-post__text uagb-post-grid-byline'>\n\t\t\t\t\t\t\t\t<time datetime=\"2024-12-11T17:39:50+00:00\" class=\"uagb-post__date\">\n\t\t\t\t<span class=\"dashicons-calendar dashicons\"><\/span>\t\t\t\t\tdiciembre 11, 2024\t\t\t\t<\/time>\n\t\t\t\t\t\t<\/div>\n\t\t\t\t\t\t\t<div class='uagb-post__text uagb-post__excerpt'>\n\t\t\t\t\t<p>En el mundo empresarial actual, la sostenibilidad, aunque a veces parece ser simplemente una palabra clave para las estrategias de marketing,&#8230;\t\t\t\t<\/div>\n\t\t\t\t\t\t<div class=\"uagb-post__text uagb-post__cta wp-block-button\">\n\t\t\t\t<a class=\"wp-block-button__link uagb-text-link\" style=\"\" href=\"https:\/\/esemsos.com\/?p=978\" target=\"_self\" rel=\"bookmark noopener noreferrer\">Leer m\u00e1s<\/a>\n\t\t\t<\/div>\n\t\t\t\n\t\t\t\t\t\t\t\t\t<\/article>\n\t\t\t\t\t\t\t\t\t\t\t\t\t\t\t\t<article class=\"uagb-post__inner-wrap\">\t\t\t\t\t\t\t\t<div class='uagb-post__image'>\n\t\t\t\t\t\t\t\t\t<a href=\"https:\/\/esemsos.com\/?p=974\" target=\"_self\" rel=\"bookmark noopener noreferrer\"><img loading=\"lazy\" decoding=\"async\" width=\"1280\" height=\"853\" src=\"https:\/\/esemsos.com\/wp-content\/uploads\/2024\/11\/nature-reserve-6734181_1280.jpg\" class=\"attachment-full size-full\" alt=\"Juntos constru\u00edmos modelos de negocios sostenibles\" srcset=\"https:\/\/esemsos.com\/wp-content\/uploads\/2024\/11\/nature-reserve-6734181_1280.jpg 1280w, https:\/\/esemsos.com\/wp-content\/uploads\/2024\/11\/nature-reserve-6734181_1280-300x200.jpg 300w, https:\/\/esemsos.com\/wp-content\/uploads\/2024\/11\/nature-reserve-6734181_1280-1024x682.jpg 1024w, https:\/\/esemsos.com\/wp-content\/uploads\/2024\/11\/nature-reserve-6734181_1280-768x512.jpg 768w\" sizes=\"auto, (max-width: 1280px) 100vw, 1280px\" \/>\t\t\t\t\t<\/a>\n\t\t\t\t\t\t\t\t\t<\/div>\n\t\t\t\t\t\t<h4 class=\"uagb-post__title uagb-post__text\">\n\t\t\t\t<a href=\"https:\/\/esemsos.com\/?p=974\" target=\"_self\" rel=\"bookmark noopener noreferrer\">C\u00f3mo desarrollar un modelo de negocios sostenible<\/a>\n\t\t\t<\/h4>\n\t\t\t\t\t\t<div class='uagb-post__text uagb-post-grid-byline'>\n\t\t\t\t\t\t\t\t<time datetime=\"2024-11-14T17:27:23+00:00\" class=\"uagb-post__date\">\n\t\t\t\t<span class=\"dashicons-calendar dashicons\"><\/span>\t\t\t\t\tnoviembre 14, 2024\t\t\t\t<\/time>\n\t\t\t\t\t\t<\/div>\n\t\t\t\t\t\t\t<div class='uagb-post__text uagb-post__excerpt'>\n\t\t\t\t\t<p>Construir un modelo de negocios sostenible es esencial para asegurar la viabilidad y competitividad de la organizaci\u00f3n en el largo plazo&#8230;.\t\t\t\t<\/div>\n\t\t\t\t\t\t<div class=\"uagb-post__text uagb-post__cta wp-block-button\">\n\t\t\t\t<a class=\"wp-block-button__link uagb-text-link\" style=\"\" href=\"https:\/\/esemsos.com\/?p=974\" target=\"_self\" rel=\"bookmark noopener noreferrer\">Leer m\u00e1s<\/a>\n\t\t\t<\/div>\n\t\t\t\n\t\t\t\t\t\t\t\t\t<\/article>\n\t\t\t\t\t\t\t\t\t\t\t\t\t\t\t\t<article class=\"uagb-post__inner-wrap\">\t\t\t\t\t\t\t\t<div class='uagb-post__image'>\n\t\t\t\t\t\t\t\t\t<a href=\"https:\/\/esemsos.com\/?p=970\" target=\"_self\" rel=\"bookmark noopener noreferrer\"><img loading=\"lazy\" decoding=\"async\" width=\"1280\" height=\"960\" src=\"https:\/\/esemsos.com\/wp-content\/uploads\/2024\/07\/company-186980_1280.jpg\" class=\"attachment-full size-full\" alt=\"\" srcset=\"https:\/\/esemsos.com\/wp-content\/uploads\/2024\/07\/company-186980_1280.jpg 1280w, https:\/\/esemsos.com\/wp-content\/uploads\/2024\/07\/company-186980_1280-300x225.jpg 300w, https:\/\/esemsos.com\/wp-content\/uploads\/2024\/07\/company-186980_1280-1024x768.jpg 1024w, https:\/\/esemsos.com\/wp-content\/uploads\/2024\/07\/company-186980_1280-768x576.jpg 768w\" sizes=\"auto, (max-width: 1280px) 100vw, 1280px\" \/>\t\t\t\t\t<\/a>\n\t\t\t\t\t\t\t\t\t<\/div>\n\t\t\t\t\t\t<h4 class=\"uagb-post__title uagb-post__text\">\n\t\t\t\t<a href=\"https:\/\/esemsos.com\/?p=970\" target=\"_self\" rel=\"bookmark noopener noreferrer\">Empresas sostenibles: peque\u00f1os cambios, grandes impactos<\/a>\n\t\t\t<\/h4>\n\t\t\t\t\t\t<div class='uagb-post__text uagb-post-grid-byline'>\n\t\t\t\t\t\t\t\t<time datetime=\"2024-07-30T16:47:05+00:00\" class=\"uagb-post__date\">\n\t\t\t\t<span class=\"dashicons-calendar dashicons\"><\/span>\t\t\t\t\tjulio 30, 2024\t\t\t\t<\/time>\n\t\t\t\t\t\t<\/div>\n\t\t\t\t\t\t\t<div class='uagb-post__text uagb-post__excerpt'>\n\t\t\t\t\t<p>La sostenibilidad empresarial se refiere a la capacidad de una empresa para operar de manera que asegure su \u00e9xito a largo&#8230;\t\t\t\t<\/div>\n\t\t\t\t\t\t<div class=\"uagb-post__text uagb-post__cta wp-block-button\">\n\t\t\t\t<a class=\"wp-block-button__link uagb-text-link\" style=\"\" href=\"https:\/\/esemsos.com\/?p=970\" target=\"_self\" rel=\"bookmark noopener noreferrer\">Leer m\u00e1s<\/a>\n\t\t\t<\/div>\n\t\t\t\n\t\t\t\t\t\t\t\t\t<\/article>\n\t\t\t\t\t\t\t\t\t\t\t\t\t\t\t\t<article class=\"uagb-post__inner-wrap\">\t\t\t\t\t\t\t\t<div class='uagb-post__image'>\n\t\t\t\t\t\t\t\t\t<a href=\"https:\/\/esemsos.com\/?p=966\" target=\"_self\" rel=\"bookmark noopener noreferrer\"><img loading=\"lazy\" decoding=\"async\" width=\"1280\" height=\"853\" src=\"https:\/\/esemsos.com\/wp-content\/uploads\/2023\/10\/sustainability.jpg\" class=\"attachment-full size-full\" alt=\"\" srcset=\"https:\/\/esemsos.com\/wp-content\/uploads\/2023\/10\/sustainability.jpg 1280w, https:\/\/esemsos.com\/wp-content\/uploads\/2023\/10\/sustainability-300x200.jpg 300w, https:\/\/esemsos.com\/wp-content\/uploads\/2023\/10\/sustainability-1024x682.jpg 1024w, https:\/\/esemsos.com\/wp-content\/uploads\/2023\/10\/sustainability-768x512.jpg 768w\" sizes=\"auto, (max-width: 1280px) 100vw, 1280px\" \/>\t\t\t\t\t<\/a>\n\t\t\t\t\t\t\t\t\t<\/div>\n\t\t\t\t\t\t<h4 class=\"uagb-post__title uagb-post__text\">\n\t\t\t\t<a href=\"https:\/\/esemsos.com\/?p=966\" target=\"_self\" rel=\"bookmark noopener noreferrer\">Estrategia empresarial sostenible: pasos iniciales para construir un futuro mejor para todos<\/a>\n\t\t\t<\/h4>\n\t\t\t\t\t\t<div class='uagb-post__text uagb-post-grid-byline'>\n\t\t\t\t\t\t\t\t<time datetime=\"2023-10-30T15:54:57+00:00\" class=\"uagb-post__date\">\n\t\t\t\t<span class=\"dashicons-calendar dashicons\"><\/span>\t\t\t\t\toctubre 30, 2023\t\t\t\t<\/time>\n\t\t\t\t\t\t<\/div>\n\t\t\t\t\t\t\t<div class='uagb-post__text uagb-post__excerpt'>\n\t\t\t\t\t<p>Hoy en d\u00eda, en un contexto global marcado por la crisis clim\u00e1tica, la desigualdad, la injusticia y nuevas formas de negocios,&#8230;\t\t\t\t<\/div>\n\t\t\t\t\t\t<div class=\"uagb-post__text uagb-post__cta wp-block-button\">\n\t\t\t\t<a class=\"wp-block-button__link uagb-text-link\" style=\"\" href=\"https:\/\/esemsos.com\/?p=966\" target=\"_self\" rel=\"bookmark noopener noreferrer\">Leer m\u00e1s<\/a>\n\t\t\t<\/div>\n\t\t\t\n\t\t\t\t\t\t\t\t\t<\/article>\n\t\t\t\t\t\t\t\t\t\t\t\t\t\t\t\t<article class=\"uagb-post__inner-wrap\">\t\t\t\t\t\t\t\t<div class='uagb-post__image'>\n\t\t\t\t\t\t\t\t\t<a href=\"https:\/\/esemsos.com\/?p=962\" target=\"_self\" rel=\"bookmark noopener noreferrer\"><img loading=\"lazy\" decoding=\"async\" width=\"1280\" height=\"853\" src=\"https:\/\/esemsos.com\/wp-content\/uploads\/2023\/04\/student-849822_1280.jpg\" class=\"attachment-full size-full\" alt=\"\" srcset=\"https:\/\/esemsos.com\/wp-content\/uploads\/2023\/04\/student-849822_1280.jpg 1280w, https:\/\/esemsos.com\/wp-content\/uploads\/2023\/04\/student-849822_1280-300x200.jpg 300w, https:\/\/esemsos.com\/wp-content\/uploads\/2023\/04\/student-849822_1280-1024x682.jpg 1024w, https:\/\/esemsos.com\/wp-content\/uploads\/2023\/04\/student-849822_1280-768x512.jpg 768w\" sizes=\"auto, (max-width: 1280px) 100vw, 1280px\" \/>\t\t\t\t\t<\/a>\n\t\t\t\t\t\t\t\t\t<\/div>\n\t\t\t\t\t\t<h4 class=\"uagb-post__title uagb-post__text\">\n\t\t\t\t<a href=\"https:\/\/esemsos.com\/?p=962\" target=\"_self\" rel=\"bookmark noopener noreferrer\">\u00bfQu\u00e9 es la planeaci\u00f3n y por qu\u00e9 tu empresa deber\u00eda tener un plan?<\/a>\n\t\t\t<\/h4>\n\t\t\t\t\t\t<div class='uagb-post__text uagb-post-grid-byline'>\n\t\t\t\t\t\t\t\t<time datetime=\"2023-10-23T19:18:03+00:00\" class=\"uagb-post__date\">\n\t\t\t\t<span class=\"dashicons-calendar dashicons\"><\/span>\t\t\t\t\toctubre 23, 2023\t\t\t\t<\/time>\n\t\t\t\t\t\t<\/div>\n\t\t\t\t\t\t\t<div class='uagb-post__text uagb-post__excerpt'>\n\t\t\t\t\t<p>Ya sea que est\u00e9s al frente de una peque\u00f1a o mediana empresa o que est\u00e9s emprendiendo tu propio negocio, tener un&#8230;\t\t\t\t<\/div>\n\t\t\t\t\t\t<div class=\"uagb-post__text uagb-post__cta wp-block-button\">\n\t\t\t\t<a class=\"wp-block-button__link uagb-text-link\" style=\"\" href=\"https:\/\/esemsos.com\/?p=962\" target=\"_self\" rel=\"bookmark noopener noreferrer\">Leer m\u00e1s<\/a>\n\t\t\t<\/div>\n\t\t\t\n\t\t\t\t\t\t\t\t\t<\/article>\n\t\t\t\t\t\t\t\t\t\t\t<\/div>\n\t\t\t<\/div><\/div>\n\n\n\n<div class=\"wp-block-uagb-container uagb-block-1893ee02 alignfull uagb-is-root-container\"><div class=\"uagb-container-inner-blocks-wrap\">\n<div class=\"wp-block-uagb-info-box uagb-block-7f98c225 uagb-infobox__content-wrap  uagb-infobox-icon-above-title uagb-infobox-image-valign-top\"><div class=\"uagb-ifb-content\"><div class=\"uagb-ifb-title-wrap\"><h2 class=\"uagb-ifb-title\">\u00danete a la revoluci\u00f3n<\/h2><\/div><p class=\"uagb-ifb-desc\">Una estrategia empresarial sostenible implica cambios profundos en la forma de hacer las cosas, buscando una relaci\u00f3n sin\u00e9rgica y l\u00f3gica entre la forma de producir y el cuidado del planeta y las personas.\u200b<\/p><div class=\"uagb-ifb-button-wrapper wp-block-button\"><a href=\"#\" class=\"uagb-infobox-cta-link wp-block-button__link\" target=\"_self\" rel=\"noopener noreferrer\" onclick=\"return false;\" alt=\"\"><span class=\"uagb-inline-editing\">ContactO<\/span><\/a><\/div><\/div><\/div>\n<\/div><\/div>\n","protected":false},"excerpt":{"rendered":"<p>\u00c1reas de Trabajo Divulgaci\u00f3n Capacitaci\u00f3n Asesor\u00eda \u00daltimas entradas<\/p>\n","protected":false},"author":1,"featured_media":0,"parent":0,"menu_order":0,"comment_status":"closed","ping_status":"closed","template":"","meta":{"_uag_custom_page_level_css":"","site-sidebar-layout":"no-sidebar","site-content-layout":"plain-container","ast-site-content-layout":"default","site-content-style":"default","site-sidebar-style":"default","ast-global-header-display":"","ast-banner-title-visibility":"","ast-main-header-display":"","ast-hfb-above-header-display":"","ast-hfb-below-header-display":"","ast-hfb-mobile-header-display":"","site-post-title":"disabled","ast-breadcrumbs-content":"","ast-featured-img":"disabled","footer-sml-layout":"","ast-disable-related-posts":"","theme-transparent-header-meta":"enabled","adv-header-id-meta":"","stick-header-meta":"","header-above-stick-meta":"","header-main-stick-meta":"","header-below-stick-meta":"","astra-migrate-meta-layouts":"default","ast-page-background-enabled":"default","ast-page-background-meta":{"desktop":{"background-color":"","background-image":"","background-repeat":"repeat","background-position":"center center","background-size":"auto","background-attachment":"scroll","background-type":"","background-media":"","overlay-type":"","overlay-color":"","overlay-opacity":"","overlay-gradient":""},"tablet":{"background-color":"","background-image":"","background-repeat":"repeat","background-position":"center center","background-size":"auto","background-attachment":"scroll","background-type":"","background-media":"","overlay-type":"","overlay-color":"","overlay-opacity":"","overlay-gradient":""},"mobile":{"background-color":"","background-image":"","background-repeat":"repeat","background-position":"center center","background-size":"auto","background-attachment":"scroll","background-type":"","background-media":"","overlay-type":"","overlay-color":"","overlay-opacity":"","overlay-gradient":""}},"ast-content-background-meta":{"desktop":{"background-color":"var(--ast-global-color-5)","background-image":"","background-repeat":"repeat","background-position":"center center","background-size":"auto","background-attachment":"scroll","background-type":"","background-media":"","overlay-type":"","overlay-color":"","overlay-opacity":"","overlay-gradient":""},"tablet":{"background-color":"var(--ast-global-color-5)","background-image":"","background-repeat":"repeat","background-position":"center center","background-size":"auto","background-attachment":"scroll","background-type":"","background-media":"","overlay-type":"","overlay-color":"","overlay-opacity":"","overlay-gradient":""},"mobile":{"background-color":"var(--ast-global-color-5)","background-image":"","background-repeat":"repeat","background-position":"center center","background-size":"auto","background-attachment":"scroll","background-type":"","background-media":"","overlay-type":"","overlay-color":"","overlay-opacity":"","overlay-gradient":""}},"footnotes":""},"class_list":["post-217","page","type-page","status-publish","hentry"],"yoast_head":"<!-- This site is optimized with the Yoast SEO plugin v27.3 - https:\/\/yoast.com\/product\/yoast-seo-wordpress\/ -->\n<title>Home - Estrategia Empresarial Sostenible<\/title>\n<meta name=\"robots\" content=\"index, follow, max-snippet:-1, max-image-preview:large, max-video-preview:-1\" \/>\n<link rel=\"canonical\" href=\"https:\/\/esemsos.com\/\" \/>\n<meta property=\"og:locale\" content=\"es_ES\" \/>\n<meta property=\"og:type\" content=\"article\" \/>\n<meta property=\"og:title\" content=\"Home - Estrategia Empresarial Sostenible\" \/>\n<meta property=\"og:description\" content=\"\u00c1reas de Trabajo Divulgaci\u00f3n Capacitaci\u00f3n Asesor\u00eda \u00daltimas entradas\" \/>\n<meta property=\"og:url\" content=\"https:\/\/esemsos.com\/\" \/>\n<meta property=\"og:site_name\" content=\"Estrategia Empresarial Sostenible\" \/>\n<meta property=\"article:modified_time\" content=\"2023-07-12T19:23:15+00:00\" \/>\n<meta name=\"twitter:card\" content=\"summary_large_image\" \/>\n<meta name=\"twitter:label1\" content=\"Tiempo de lectura\" \/>\n\t<meta name=\"twitter:data1\" content=\"2 minutos\" \/>\n<script type=\"application\/ld+json\" class=\"yoast-schema-graph\">{\"@context\":\"https:\\\/\\\/schema.org\",\"@graph\":[{\"@type\":\"WebPage\",\"@id\":\"https:\\\/\\\/esemsos.com\\\/\",\"url\":\"https:\\\/\\\/esemsos.com\\\/\",\"name\":\"Home - Estrategia Empresarial Sostenible\",\"isPartOf\":{\"@id\":\"https:\\\/\\\/esemsos.com\\\/#website\"},\"datePublished\":\"2020-05-12T03:43:03+00:00\",\"dateModified\":\"2023-07-12T19:23:15+00:00\",\"breadcrumb\":{\"@id\":\"https:\\\/\\\/esemsos.com\\\/#breadcrumb\"},\"inLanguage\":\"es\",\"potentialAction\":[{\"@type\":\"ReadAction\",\"target\":[\"https:\\\/\\\/esemsos.com\\\/\"]}]},{\"@type\":\"BreadcrumbList\",\"@id\":\"https:\\\/\\\/esemsos.com\\\/#breadcrumb\",\"itemListElement\":[{\"@type\":\"ListItem\",\"position\":1,\"name\":\"Portada\",\"item\":\"https:\\\/\\\/esemsos.com\\\/\"},{\"@type\":\"ListItem\",\"position\":2,\"name\":\"Home\"}]},{\"@type\":\"WebSite\",\"@id\":\"https:\\\/\\\/esemsos.com\\\/#website\",\"url\":\"https:\\\/\\\/esemsos.com\\\/\",\"name\":\"Estrategia Empresarial Sostenible\",\"description\":\"Contribuyendo al bienestar  de las personas y el planeta\",\"publisher\":{\"@id\":\"https:\\\/\\\/esemsos.com\\\/#organization\"},\"potentialAction\":[{\"@type\":\"SearchAction\",\"target\":{\"@type\":\"EntryPoint\",\"urlTemplate\":\"https:\\\/\\\/esemsos.com\\\/?s={search_term_string}\"},\"query-input\":{\"@type\":\"PropertyValueSpecification\",\"valueRequired\":true,\"valueName\":\"search_term_string\"}}],\"inLanguage\":\"es\"},{\"@type\":\"Organization\",\"@id\":\"https:\\\/\\\/esemsos.com\\\/#organization\",\"name\":\"Fundaci\u00f3n Enerstud\",\"url\":\"https:\\\/\\\/esemsos.com\\\/\",\"logo\":{\"@type\":\"ImageObject\",\"inLanguage\":\"es\",\"@id\":\"https:\\\/\\\/esemsos.com\\\/#\\\/schema\\\/logo\\\/image\\\/\",\"url\":\"https:\\\/\\\/esemsos.com\\\/wp-content\\\/uploads\\\/2023\\\/04\\\/logo-3.png\",\"contentUrl\":\"https:\\\/\\\/esemsos.com\\\/wp-content\\\/uploads\\\/2023\\\/04\\\/logo-3.png\",\"width\":7376,\"height\":2922,\"caption\":\"Fundaci\u00f3n Enerstud\"},\"image\":{\"@id\":\"https:\\\/\\\/esemsos.com\\\/#\\\/schema\\\/logo\\\/image\\\/\"}}]}<\/script>\n<!-- \/ Yoast SEO plugin. -->","yoast_head_json":{"title":"Home - Estrategia Empresarial Sostenible","robots":{"index":"index","follow":"follow","max-snippet":"max-snippet:-1","max-image-preview":"max-image-preview:large","max-video-preview":"max-video-preview:-1"},"canonical":"https:\/\/esemsos.com\/","og_locale":"es_ES","og_type":"article","og_title":"Home - Estrategia Empresarial Sostenible","og_description":"\u00c1reas de Trabajo Divulgaci\u00f3n Capacitaci\u00f3n Asesor\u00eda \u00daltimas entradas","og_url":"https:\/\/esemsos.com\/","og_site_name":"Estrategia Empresarial Sostenible","article_modified_time":"2023-07-12T19:23:15+00:00","twitter_card":"summary_large_image","twitter_misc":{"Tiempo de lectura":"2 minutos"},"schema":{"@context":"https:\/\/schema.org","@graph":[{"@type":"WebPage","@id":"https:\/\/esemsos.com\/","url":"https:\/\/esemsos.com\/","name":"Home - Estrategia Empresarial Sostenible","isPartOf":{"@id":"https:\/\/esemsos.com\/#website"},"datePublished":"2020-05-12T03:43:03+00:00","dateModified":"2023-07-12T19:23:15+00:00","breadcrumb":{"@id":"https:\/\/esemsos.com\/#breadcrumb"},"inLanguage":"es","potentialAction":[{"@type":"ReadAction","target":["https:\/\/esemsos.com\/"]}]},{"@type":"BreadcrumbList","@id":"https:\/\/esemsos.com\/#breadcrumb","itemListElement":[{"@type":"ListItem","position":1,"name":"Portada","item":"https:\/\/esemsos.com\/"},{"@type":"ListItem","position":2,"name":"Home"}]},{"@type":"WebSite","@id":"https:\/\/esemsos.com\/#website","url":"https:\/\/esemsos.com\/","name":"Estrategia Empresarial Sostenible","description":"Contribuyendo al bienestar  de las personas y el planeta","publisher":{"@id":"https:\/\/esemsos.com\/#organization"},"potentialAction":[{"@type":"SearchAction","target":{"@type":"EntryPoint","urlTemplate":"https:\/\/esemsos.com\/?s={search_term_string}"},"query-input":{"@type":"PropertyValueSpecification","valueRequired":true,"valueName":"search_term_string"}}],"inLanguage":"es"},{"@type":"Organization","@id":"https:\/\/esemsos.com\/#organization","name":"Fundaci\u00f3n Enerstud","url":"https:\/\/esemsos.com\/","logo":{"@type":"ImageObject","inLanguage":"es","@id":"https:\/\/esemsos.com\/#\/schema\/logo\/image\/","url":"https:\/\/esemsos.com\/wp-content\/uploads\/2023\/04\/logo-3.png","contentUrl":"https:\/\/esemsos.com\/wp-content\/uploads\/2023\/04\/logo-3.png","width":7376,"height":2922,"caption":"Fundaci\u00f3n Enerstud"},"image":{"@id":"https:\/\/esemsos.com\/#\/schema\/logo\/image\/"}}]}},"uagb_featured_image_src":{"full":false,"thumbnail":false,"medium":false,"medium_large":false,"large":false,"1536x1536":false,"2048x2048":false},"uagb_author_info":{"display_name":"admin","author_link":"https:\/\/esemsos.com\/?author=1"},"uagb_comment_info":0,"uagb_excerpt":"\u00c1reas de Trabajo Divulgaci\u00f3n Capacitaci\u00f3n Asesor\u00eda \u00daltimas entradas","_links":{"self":[{"href":"https:\/\/esemsos.com\/index.php?rest_route=\/wp\/v2\/pages\/217","targetHints":{"allow":["GET"]}}],"collection":[{"href":"https:\/\/esemsos.com\/index.php?rest_route=\/wp\/v2\/pages"}],"about":[{"href":"https:\/\/esemsos.com\/index.php?rest_route=\/wp\/v2\/types\/page"}],"author":[{"embeddable":true,"href":"https:\/\/esemsos.com\/index.php?rest_route=\/wp\/v2\/users\/1"}],"replies":[{"embeddable":true,"href":"https:\/\/esemsos.com\/index.php?rest_route=%2Fwp%2Fv2%2Fcomments&post=217"}],"version-history":[{"count":0,"href":"https:\/\/esemsos.com\/index.php?rest_route=\/wp\/v2\/pages\/217\/revisions"}],"wp:attachment":[{"href":"https:\/\/esemsos.com\/index.php?rest_route=%2Fwp%2Fv2%2Fmedia&parent=217"}],"curies":[{"name":"wp","href":"https:\/\/api.w.org\/{rel}","templated":true}]}}